{"id":26142,"date":"2025-12-18T13:33:23","date_gmt":"2025-12-18T13:33:23","guid":{"rendered":"https:\/\/www.staspirc.com\/?page_id=26142"},"modified":"2025-12-18T13:48:09","modified_gmt":"2025-12-18T13:48:09","slug":"hvala-za-prijavo","status":"publish","type":"page","link":"https:\/\/www.staspirc.com\/en\/hvala-za-prijavo\/","title":{"rendered":"Hvala za prijavo!"},"content":{"rendered":"<p>Vesel sem, da si tukaj.<br>Kot obljubljeno, lahko PDF vodi\u010d prenese\u0161 <strong>takoj<\/strong> \u2013 brez \u010dakanja.<\/p>\n\n\n\n<div class=\"wp-block-buttons is-layout-flex wp-block-buttons-is-layout-flex\">\n<div class=\"wp-block-button has-custom-width wp-block-button__width-50 is-style-fill\"><a class=\"wp-block-button__link has-medium-font-size has-text-align-left has-custom-font-size wp-element-button\" href=\"https:\/\/www.staspirc.com\/wp-content\/uploads\/2025\/12\/3-koraki-za-izhod-iz-custvenega-prenajedanja.pdf\" target=\"_blank\" rel=\"noreferrer noopener\"><strong>Brezpla\u010dni PDF vodi\u010d: \u00bbUstavi se, preveri in ponastavi\u00ab<\/strong><\/a><\/div>\n<\/div>\n\n\n\n<p>V naslednjih trenutkih bo\u0161 prejel\/a \u0161e email za <strong>potrditev prijave<\/strong>.<br>To potrdilo ni pogoj za ta PDF, je pa potrebno, \u010de \u017eeli\u0161 v prihodnje prejemati dodatne vsebine in podporo. \u010ce emaila ne vidi\u0161, preveri tudi mapo <strong>Promocije<\/strong> ali <strong>Spam<\/strong>.<\/p>\n\n\n\n<p>\u010ce ob branju PDF-ja za\u010duti\u0161, da bi \u017eelel\/a stvari pogledati bolj poglobljeno in v svojem tempu, ima\u0161 mo\u017enost brezpla\u010dnega, neobvezujo\u010dega posvetovalnega klica.<\/p>\n\n\n\n<p><em>Ne rabi\u0161 imeti vseh odgovorov.<br>Dovolj je, da si naredil\/a prvi korak.<\/em><\/p>\n\n\n\n<p><\/p>","protected":false},"excerpt":{"rendered":"<p>Vesel sem, da si tukaj.Kot obljubljeno, lahko PDF vodi\u010d prenese\u0161 takoj \u2013 brez \u010dakanja. V naslednjih trenutkih bo\u0161 prejel\/a \u0161e email za potrditev prijave.To potrdilo ni pogoj za ta PDF, je pa potrebno, \u010de \u017eeli\u0161 v prihodnje prejemati dodatne vsebine in podporo. \u010ce emaila ne vidi\u0161, preveri tudi mapo Promocije ali Spam. \u010ce ob branju [&hellip;]<\/p>\n","protected":false},"author":2,"featured_media":0,"parent":0,"menu_order":0,"comment_status":"closed","ping_status":"closed","template":"","meta":{"_uag_custom_page_level_css":"","site-sidebar-layout":"default","site-content-layout":"","ast-site-content-layout":"full-width-container","site-content-style":"default","site-sidebar-style":"default","ast-global-header-display":"","ast-banner-title-visibility":"","ast-main-header-display":"","ast-hfb-above-header-display":"","ast-hfb-below-header-display":"","ast-hfb-mobile-header-display":"","site-post-title":"","ast-breadcrumbs-content":"","ast-featured-img":"","footer-sml-layout":"","ast-disable-related-posts":"","theme-transparent-header-meta":"","adv-header-id-meta":"","stick-header-meta":"","header-above-stick-meta":"","header-main-stick-meta":"","header-below-stick-meta":"","astra-migrate-meta-layouts":"set","ast-page-background-enabled":"default","ast-page-background-meta":{"desktop":{"background-color":"","background-image":"","background-repeat":"repeat","background-position":"center center","background-size":"auto","background-attachment":"scroll","background-type":"","background-media":"","overlay-type":"","overlay-color":"","overlay-opacity":"","overlay-gradient":""},"tablet":{"background-color":"","background-image":"","background-repeat":"repeat","background-position":"center center","background-size":"auto","background-attachment":"scroll","background-type":"","background-media":"","overlay-type":"","overlay-color":"","overlay-opacity":"","overlay-gradient":""},"mobile":{"background-color":"","background-image":"","background-repeat":"repeat","background-position":"center center","background-size":"auto","background-attachment":"scroll","background-type":"","background-media":"","overlay-type":"","overlay-color":"","overlay-opacity":"","overlay-gradient":""}},"ast-content-background-meta":{"desktop":{"background-color":"var(--ast-global-color-5)","background-image":"","background-repeat":"repeat","background-position":"center center","background-size":"auto","background-attachment":"scroll","background-type":"","background-media":"","overlay-type":"","overlay-color":"","overlay-opacity":"","overlay-gradient":""},"tablet":{"background-color":"var(--ast-global-color-5)","background-image":"","background-repeat":"repeat","background-position":"center center","background-size":"auto","background-attachment":"scroll","background-type":"","background-media":"","overlay-type":"","overlay-color":"","overlay-opacity":"","overlay-gradient":""},"mobile":{"background-color":"var(--ast-global-color-5)","background-image":"","background-repeat":"repeat","background-position":"center center","background-size":"auto","background-attachment":"scroll","background-type":"","background-media":"","overlay-type":"","overlay-color":"","overlay-opacity":"","overlay-gradient":""}},"footnotes":""},"class_list":["post-26142","page","type-page","status-publish","hentry"],"uagb_featured_image_src":{"full":false,"thumbnail":false,"medium":false,"medium_large":false,"large":false,"1536x1536":false,"2048x2048":false,"trp-custom-language-flag":false,"mailpoet_newsletter_max":false},"uagb_author_info":{"display_name":"Sta\u0161 Pirc","author_link":"https:\/\/www.staspirc.com\/en\/author\/staspirc\/"},"uagb_comment_info":0,"uagb_excerpt":"Vesel sem, da si tukaj.Kot obljubljeno, lahko PDF vodi\u010d prenese\u0161 takoj \u2013 brez \u010dakanja. V naslednjih trenutkih bo\u0161 prejel\/a \u0161e email za potrditev prijave.To potrdilo ni pogoj za ta PDF, je pa potrebno, \u010de \u017eeli\u0161 v prihodnje prejemati dodatne vsebine in podporo. \u010ce emaila ne vidi\u0161, preveri tudi mapo Promocije ali Spam. \u010ce ob branju&hellip;","_links":{"self":[{"href":"https:\/\/www.staspirc.com\/en\/wp-json\/wp\/v2\/pages\/26142","targetHints":{"allow":["GET"]}}],"collection":[{"href":"https:\/\/www.staspirc.com\/en\/wp-json\/wp\/v2\/pages"}],"about":[{"href":"https:\/\/www.staspirc.com\/en\/wp-json\/wp\/v2\/types\/page"}],"author":[{"embeddable":true,"href":"https:\/\/www.staspirc.com\/en\/wp-json\/wp\/v2\/users\/2"}],"replies":[{"embeddable":true,"href":"https:\/\/www.staspirc.com\/en\/wp-json\/wp\/v2\/comments?post=26142"}],"version-history":[{"count":4,"href":"https:\/\/www.staspirc.com\/en\/wp-json\/wp\/v2\/pages\/26142\/revisions"}],"predecessor-version":[{"id":26146,"href":"https:\/\/www.staspirc.com\/en\/wp-json\/wp\/v2\/pages\/26142\/revisions\/26146"}],"wp:attachment":[{"href":"https:\/\/www.staspirc.com\/en\/wp-json\/wp\/v2\/media?parent=26142"}],"curies":[{"name":"wp","href":"https:\/\/api.w.org\/{rel}","templated":true}]}}